{"id":1517,"date":"2026-03-03T03:17:51","date_gmt":"2026-03-03T02:17:51","guid":{"rendered":"https:\/\/lockers.com.py\/?page_id=1517"},"modified":"2026-04-07T05:36:47","modified_gmt":"2026-04-07T03:36:47","slug":"contacto","status":"publish","type":"page","link":"https:\/\/lockers.com.py\/index.php\/contacto\/","title":{"rendered":"Contacto"},"content":{"rendered":"\t\t<div data-elementor-type=\"wp-page\" data-elementor-id=\"1517\" class=\"elementor elementor-1517\" data-elementor-post-type=\"page\">\n\t\t\t\t<div class=\"elementor-element elementor-element-98c9113 e-con-full elementor-hidden-mobile_extra elementor-hidden-mobile e-flex wpr-particle-no wpr-jarallax-no wpr-parallax-no wpr-sticky-section-no wpr-equal-height-no e-con e-parent\" data-id=\"98c9113\" data-element_type=\"container\" data-e-type=\"container\">\n\t\t\t\t<div class=\"elementor-element elementor-element-c8ab448 elementor-widget elementor-widget-html\" data-id=\"c8ab448\" data-element_type=\"widget\" data-e-type=\"widget\" data-widget_type=\"html.default\">\n\t\t\t\t<div class=\"elementor-widget-container\">\n\t\t\t\t\t<section class=\"lk-hero\" aria-label=\"Banner Servicios\">\n  <div class=\"lk-hero__bg\" aria-hidden=\"true\"><\/div>\n\n  <div class=\"lk-hero__inner\">\n\n    <h1 class=\"lk-hero__title\">\n     CONTACTO\n    <\/h1>\n\n    <p class=\"lk-hero__sub\">\n    Estamos listos para ayudarte a optimizar la gesti\u00f3n de tu informaci\u00f3n. Conversemos sobre c\u00f3mo digitalizar, organizar y proteger tus documentos.\n    <\/p>\n\n  <\/div>\n<\/section>\t\t\t\t<\/div>\n\t\t\t\t<\/div>\n\t\t\t\t<\/div>\n\t\t<div class=\"elementor-element elementor-element-cbd9c83 e-con-full elementor-hidden-widescreen elementor-hidden-desktop elementor-hidden-laptop elementor-hidden-tablet_extra elementor-hidden-tablet e-flex wpr-particle-no wpr-jarallax-no wpr-parallax-no wpr-sticky-section-no wpr-equal-height-no e-con e-parent\" data-id=\"cbd9c83\" data-element_type=\"container\" data-e-type=\"container\">\n\t\t\t\t<div class=\"elementor-element elementor-element-cf78f28 elementor-hidden-widescreen elementor-hidden-desktop elementor-hidden-laptop elementor-hidden-tablet_extra elementor-hidden-tablet elementor-widget elementor-widget-html\" data-id=\"cf78f28\" data-element_type=\"widget\" data-e-type=\"widget\" data-widget_type=\"html.default\">\n\t\t\t\t<div class=\"elementor-widget-container\">\n\t\t\t\t\t<section class=\"lk-hero-m\" aria-label=\"Banner Servicios\">\n  \n  <div class=\"lk-hero-m__bg\"><\/div>\n\n  <div class=\"lk-hero-m__inner\">\n\n    <h1 class=\"lk-hero-m__title\">\n     CONTACTO\n    <\/h1>\n\n    <p class=\"lk-hero-m__sub\">\n     Estamos listos para ayudarte a optimizar la gesti\u00f3n de tu informaci\u00f3n. Conversemos sobre c\u00f3mo digitalizar, organizar y proteger tus documentos.\n    <\/p>\n\n  <\/div>\n\n<\/section>\t\t\t\t<\/div>\n\t\t\t\t<\/div>\n\t\t\t\t<\/div>\n\t\t<div class=\"elementor-element elementor-element-d6d12c9 e-flex e-con-boxed wpr-particle-no wpr-jarallax-no wpr-parallax-no wpr-sticky-section-no wpr-equal-height-no e-con e-parent\" data-id=\"d6d12c9\" data-element_type=\"container\" data-e-type=\"container\">\n\t\t\t\t\t<div class=\"e-con-inner\">\n\t\t\t\t<div class=\"elementor-element elementor-element-8b42758 elementor-hidden-tablet_extra elementor-hidden-tablet elementor-hidden-mobile_extra elementor-hidden-mobile elementor-widget elementor-widget-heading\" data-id=\"8b42758\" data-element_type=\"widget\" data-e-type=\"widget\" data-widget_type=\"heading.default\">\n\t\t\t\t<div class=\"elementor-widget-container\">\n\t\t\t\t\t<h2 class=\"elementor-heading-title elementor-size-default\">HABLEMOS SOBRE TU <br>\n<span style=\"color:#00ff88\">GESTI\u00d3N DE DOCUMENTOS<\/span><\/h2>\t\t\t\t<\/div>\n\t\t\t\t<\/div>\n\t\t\t\t<div class=\"elementor-element elementor-element-666b71a elementor-hidden-widescreen elementor-hidden-desktop elementor-hidden-laptop elementor-widget elementor-widget-heading\" data-id=\"666b71a\" data-element_type=\"widget\" data-e-type=\"widget\" data-widget_type=\"heading.default\">\n\t\t\t\t<div class=\"elementor-widget-container\">\n\t\t\t\t\t<h2 class=\"elementor-heading-title elementor-size-default\">HABLEMOS SOBRE TU \n<span style=\"color:#00ff88\">GESTI\u00d3N DE DOCUMENTOS<\/span><\/h2>\t\t\t\t<\/div>\n\t\t\t\t<\/div>\n\t\t\t\t\t<\/div>\n\t\t\t\t<\/div>\n\t\t<div class=\"elementor-element elementor-element-98e6e15 e-con-full e-flex wpr-particle-no wpr-jarallax-no wpr-parallax-no wpr-sticky-section-no wpr-equal-height-no e-con e-parent\" data-id=\"98e6e15\" data-element_type=\"container\" data-e-type=\"container\">\n\t\t<div class=\"elementor-element elementor-element-ff2d4d8 e-flex e-con-boxed wpr-particle-no wpr-jarallax-no wpr-parallax-no wpr-sticky-section-no wpr-equal-height-no e-con e-child\" data-id=\"ff2d4d8\" data-element_type=\"container\" data-e-type=\"container\">\n\t\t\t\t\t<div class=\"e-con-inner\">\n\t\t\t\t<div class=\"elementor-element elementor-element-db1026d elementor-hidden-widescreen elementor-hidden-desktop elementor-hidden-laptop elementor-widget elementor-widget-html\" data-id=\"db1026d\" data-element_type=\"widget\" data-e-type=\"widget\" data-widget_type=\"html.default\">\n\t\t\t\t<div class=\"elementor-widget-container\">\n\t\t\t\t\t<div class=\"lockers-contact-card\">\n\n  <!-- Top info -->\n  <div class=\"lockers-contact-top\">\n\n    <a class=\"lc-item lc-link\"\n   href=\"https:\/\/maps.app.goo.gl\/gGwo2wyenNgR1Wy99\"\n   target=\"_blank\"\n   rel=\"noopener\">\n\n  <span class=\"lc-ico\" aria-hidden=\"true\">\n    <svg viewBox=\"0 0 24 24\" fill=\"none\">\n      <path d=\"M12 21s6-5.2 6-11a6 6 0 1 0-12 0c0 5.8 6 11 6 11Z\" stroke=\"currentColor\" stroke-width=\"1.8\" stroke-linecap=\"round\" stroke-linejoin=\"round\"\/>\n      <circle cx=\"12\" cy=\"10\" r=\"2.5\" stroke=\"currentColor\" stroke-width=\"1.8\"\/>\n    <\/svg>\n  <\/span>\n\n  <div class=\"lc-txt\">\n    <div class=\"lc-title\">Oficina<\/div>\n    <div class=\"lc-sub\">Lambar\u00e9, Paraguay<\/div>\n  <\/div>\n\n<\/a>\n\n    <div class=\"lc-item\">\n      <span class=\"lc-ico\" aria-hidden=\"true\">\n        <svg viewBox=\"0 0 24 24\" fill=\"none\">\n          <path d=\"M22 16.9v3a2 2 0 0 1-2.2 2 19.8 19.8 0 0 1-8.6-3.1 19.4 19.4 0 0 1-6-6A19.8 19.8 0 0 1 2.1 4.2 2 2 0 0 1 4.1 2h3a2 2 0 0 1 2 1.7c.1.9.3 1.8.6 2.7a2 2 0 0 1-.5 2.1L8 9.7a16 16 0 0 0 6.3 6.3l1.2-1.2a2 2 0 0 1 2.1-.5c.9.3 1.8.5 2.7.6A2 2 0 0 1 22 16.9Z\" stroke=\"currentColor\" stroke-width=\"1.8\" stroke-linecap=\"round\" stroke-linejoin=\"round\"\/>\n        <\/svg>\n      <\/span>\n      <div class=\"lc-txt\">\n        <div class=\"lc-title\">Tel\u00e9fono<\/div>\n        <div class=\"lc-sub\">+595 21 941841 (R.A.)<\/div>\n      <\/div>\n    <\/div>\n\n    <div class=\"lc-item\">\n      <span class=\"lc-ico\" aria-hidden=\"true\">\n        <svg viewBox=\"0 0 24 24\" fill=\"none\">\n          <circle cx=\"12\" cy=\"12\" r=\"8.5\" stroke=\"currentColor\" stroke-width=\"1.8\"\/>\n          <path d=\"M12 7.5v5l3 2\" stroke=\"currentColor\" stroke-width=\"1.8\" stroke-linecap=\"round\" stroke-linejoin=\"round\"\/>\n        <\/svg>\n      <\/span>\n      <div class=\"lc-txt\">\n        <div class=\"lc-title\">Horario<\/div>\n        <div class=\"lc-sub\">Lunes a viernes \u00b7 07:45 a 17:00<\/div>\n      <\/div>\n    <\/div>\n\n  <\/div>\n\n  <!-- WhatsApp button -->\n  <a class=\"lc-wa-btn\"\n     href=\"https:\/\/wa.link\/qqzmff\"\n     target=\"_blank\" rel=\"noopener\">\n    <span class=\"lc-wa-ico\" aria-hidden=\"true\">\n      <svg viewBox=\"0 0 24 24\" fill=\"none\">\n        <path d=\"M20 11.5a8 8 0 0 1-11.8 7L4 20l1.6-4A8 8 0 1 1 20 11.5Z\" stroke=\"currentColor\" stroke-width=\"1.8\" stroke-linecap=\"round\" stroke-linejoin=\"round\"\/>\n        <path d=\"M9.2 9.7c.3-.7.6-.7.9-.7h.3c.1 0 .3 0 .4.3l.7 1.7c.1.2.1.4 0 .6l-.3.4-.2.2c.5 1 1.3 1.8 2.3 2.3l.2-.2.4-.3c.2-.1.4-.1.6 0l1.7.7c.3.1.3.2.3.4v.3c0 .3 0 .6-.7.9-.5.2-1.1.2-1.7 0-1.2-.4-2.2-1.1-3.1-2-.9-.9-1.6-1.9-2-3.1-.2-.6-.2-1.2 0-1.7Z\" stroke=\"currentColor\" stroke-width=\"1.3\" stroke-linecap=\"round\" stroke-linejoin=\"round\"\/>\n      <\/svg>\n    <\/span>\n    CONTACTANOS POR WHATSAPP\n  <\/a>\n\n  <!-- Image -->\n  <div class=\"lc-media\">\n    <img decoding=\"async\"\n      src=\"https:\/\/lockers.com.py\/wp-content\/uploads\/2026\/02\/tecnologia-aplicada.png\"\n      alt=\"Tecnolog\u00eda aplicada Lockers\"\n      loading=\"lazy\"\n    >\n  <\/div>\n\n<\/div>\t\t\t\t<\/div>\n\t\t\t\t<\/div>\n\t\t\t\t<div class=\"elementor-element elementor-element-192dfd2 elementor-button-align-stretch elementor-widget elementor-widget-form\" data-id=\"192dfd2\" data-element_type=\"widget\" data-e-type=\"widget\" data-settings=\"{&quot;step_next_label&quot;:&quot;Next&quot;,&quot;step_previous_label&quot;:&quot;Previous&quot;,&quot;button_width&quot;:&quot;100&quot;,&quot;step_type&quot;:&quot;number_text&quot;,&quot;step_icon_shape&quot;:&quot;circle&quot;}\" data-widget_type=\"form.default\">\n\t\t\t\t<div class=\"elementor-widget-container\">\n\t\t\t\t\t\t\t<form class=\"elementor-form\" method=\"post\" name=\"New Form\">\n\t\t\t<input type=\"hidden\" name=\"post_id\" value=\"1517\"\/>\n\t\t\t<input type=\"hidden\" name=\"form_id\" value=\"192dfd2\"\/>\n\t\t\t<input type=\"hidden\" name=\"referer_title\" value=\"\" \/>\n\n\t\t\t\n\t\t\t<div class=\"elementor-form-fields-wrapper elementor-labels-above\">\n\t\t\t\t\t\t\t\t<div class=\"elementor-field-type-text elementor-field-group elementor-column elementor-field-group-name elementor-col-100 elementor-field-required\">\n\t\t\t\t\t\t\t\t\t\t\t\t<label for=\"form-field-name\" class=\"elementor-field-label\">\n\t\t\t\t\t\t\t\tNombre y Apellido\t\t\t\t\t\t\t<\/label>\n\t\t\t\t\t\t\t\t\t\t\t\t\t\t<input size=\"1\" type=\"text\" name=\"form_fields[name]\" id=\"form-field-name\" class=\"elementor-field elementor-size-sm  elementor-field-textual\" placeholder=\"Nombre completo\" required=\"required\" aria-required=\"true\">\n\t\t\t\t\t\t\t\t\t\t\t<\/div>\n\t\t\t\t\t\t\t\t<div class=\"elementor-field-type-text elementor-field-group elementor-column elementor-field-group-field_572ff07 elementor-col-100\">\n\t\t\t\t\t\t\t\t\t\t\t\t<label for=\"form-field-field_572ff07\" class=\"elementor-field-label\">\n\t\t\t\t\t\t\t\tEmpresa\t\t\t\t\t\t\t<\/label>\n\t\t\t\t\t\t\t\t\t\t\t\t\t\t<input size=\"1\" type=\"text\" name=\"form_fields[field_572ff07]\" id=\"form-field-field_572ff07\" class=\"elementor-field elementor-size-sm  elementor-field-textual\" placeholder=\"Su empresa\">\n\t\t\t\t\t\t\t\t\t\t\t<\/div>\n\t\t\t\t\t\t\t\t<div class=\"elementor-field-type-tel elementor-field-group elementor-column elementor-field-group-field_af30a78 elementor-col-100 elementor-field-required\">\n\t\t\t\t\t\t\t\t\t\t\t\t<label for=\"form-field-field_af30a78\" class=\"elementor-field-label\">\n\t\t\t\t\t\t\t\tTel\u00e9fono\t\t\t\t\t\t\t<\/label>\n\t\t\t\t\t\t\t\t<input size=\"1\" type=\"tel\" name=\"form_fields[field_af30a78]\" id=\"form-field-field_af30a78\" class=\"elementor-field elementor-size-sm  elementor-field-textual\" required=\"required\" aria-required=\"true\" pattern=\"[0-9()#&amp;+*-=.]+\" title=\"Only numbers and phone characters (#, -, *, etc) are accepted.\">\n\n\t\t\t\t\t\t<\/div>\n\t\t\t\t\t\t\t\t<div class=\"elementor-field-type-email elementor-field-group elementor-column elementor-field-group-email elementor-col-100 elementor-field-required\">\n\t\t\t\t\t\t\t\t\t\t\t\t<label for=\"form-field-email\" class=\"elementor-field-label\">\n\t\t\t\t\t\t\t\tEmail\t\t\t\t\t\t\t<\/label>\n\t\t\t\t\t\t\t\t\t\t\t\t\t\t<input size=\"1\" type=\"email\" name=\"form_fields[email]\" id=\"form-field-email\" class=\"elementor-field elementor-size-sm  elementor-field-textual\" placeholder=\"Email\" required=\"required\" aria-required=\"true\">\n\t\t\t\t\t\t\t\t\t\t\t<\/div>\n\t\t\t\t\t\t\t\t<div class=\"elementor-field-type-textarea elementor-field-group elementor-column elementor-field-group-message elementor-col-100 elementor-field-required\">\n\t\t\t\t\t\t\t\t\t\t\t\t<label for=\"form-field-message\" class=\"elementor-field-label\">\n\t\t\t\t\t\t\t\tMensaje\t\t\t\t\t\t\t<\/label>\n\t\t\t\t\t\t<textarea class=\"elementor-field-textual elementor-field  elementor-size-sm\" name=\"form_fields[message]\" id=\"form-field-message\" rows=\"4\" placeholder=\"Escriba su mensaje aqui...\" required=\"required\" aria-required=\"true\"><\/textarea>\t\t\t\t<\/div>\n\t\t\t\t\t\t\t\t<div class=\"elementor-field-group elementor-column elementor-field-type-submit elementor-col-100 e-form__buttons\">\n\t\t\t\t\t<button type=\"submit\" class=\"elementor-button elementor-size-lg\">\n\t\t\t\t\t\t<span >\n\t\t\t\t\t\t\t\t\t\t\t\t\t\t\t<span class=\" elementor-button-icon\">\n\t\t\t\t\t\t\t\t\t\t\t\t\t\t\t\t\t\t\t\t\t\t\t\t\t\t<\/span>\n\t\t\t\t\t\t\t\t\t\t\t\t\t\t\t\t\t\t\t\t\t\t<span class=\"elementor-button-text\">Enviar<\/span>\n\t\t\t\t\t\t\t\t\t\t\t\t\t<\/span>\n\t\t\t\t\t<\/button>\n\t\t\t\t<\/div>\n\t\t\t<\/div>\n\t\t<\/form>\n\t\t\t\t\t\t<\/div>\n\t\t\t\t<\/div>\n\t\t\t\t\t<\/div>\n\t\t\t\t<\/div>\n\t\t<div class=\"elementor-element elementor-element-c47652b e-flex e-con-boxed wpr-particle-no wpr-jarallax-no wpr-parallax-no wpr-sticky-section-no wpr-equal-height-no e-con e-child\" data-id=\"c47652b\" data-element_type=\"container\" data-e-type=\"container\">\n\t\t\t\t\t<div class=\"e-con-inner\">\n\t\t\t\t<div class=\"elementor-element elementor-element-eab47cb elementor-hidden-tablet_extra elementor-hidden-tablet elementor-hidden-mobile_extra elementor-hidden-mobile elementor-widget elementor-widget-html\" data-id=\"eab47cb\" data-element_type=\"widget\" data-e-type=\"widget\" data-widget_type=\"html.default\">\n\t\t\t\t<div class=\"elementor-widget-container\">\n\t\t\t\t\t<div class=\"lockers-contact-card\">\n\n  <!-- Top info -->\n  <div class=\"lockers-contact-top\">\n\n    <a class=\"lc-item lc-link\"\n   href=\"https:\/\/maps.app.goo.gl\/gGwo2wyenNgR1Wy99\"\n   target=\"_blank\"\n   rel=\"noopener\">\n\n  <span class=\"lc-ico\" aria-hidden=\"true\">\n    <svg viewBox=\"0 0 24 24\" fill=\"none\">\n      <path d=\"M12 21s6-5.2 6-11a6 6 0 1 0-12 0c0 5.8 6 11 6 11Z\" stroke=\"currentColor\" stroke-width=\"1.8\" stroke-linecap=\"round\" stroke-linejoin=\"round\"\/>\n      <circle cx=\"12\" cy=\"10\" r=\"2.5\" stroke=\"currentColor\" stroke-width=\"1.8\"\/>\n    <\/svg>\n  <\/span>\n\n  <div class=\"lc-txt\">\n    <div class=\"lc-title\">Oficina<\/div>\n    <div class=\"lc-sub\">Lambar\u00e9, Paraguay<\/div>\n  <\/div>\n\n<\/a>\n\n    <div class=\"lc-item\">\n      <span class=\"lc-ico\" aria-hidden=\"true\">\n        <svg viewBox=\"0 0 24 24\" fill=\"none\">\n          <path d=\"M22 16.9v3a2 2 0 0 1-2.2 2 19.8 19.8 0 0 1-8.6-3.1 19.4 19.4 0 0 1-6-6A19.8 19.8 0 0 1 2.1 4.2 2 2 0 0 1 4.1 2h3a2 2 0 0 1 2 1.7c.1.9.3 1.8.6 2.7a2 2 0 0 1-.5 2.1L8 9.7a16 16 0 0 0 6.3 6.3l1.2-1.2a2 2 0 0 1 2.1-.5c.9.3 1.8.5 2.7.6A2 2 0 0 1 22 16.9Z\" stroke=\"currentColor\" stroke-width=\"1.8\" stroke-linecap=\"round\" stroke-linejoin=\"round\"\/>\n        <\/svg>\n      <\/span>\n      <div class=\"lc-txt\">\n        <div class=\"lc-title\">Tel\u00e9fono<\/div>\n        <div class=\"lc-sub\">+595 21 941841 (R.A.)<\/div>\n      <\/div>\n    <\/div>\n\n    <div class=\"lc-item\">\n      <span class=\"lc-ico\" aria-hidden=\"true\">\n        <svg viewBox=\"0 0 24 24\" fill=\"none\">\n          <circle cx=\"12\" cy=\"12\" r=\"8.5\" stroke=\"currentColor\" stroke-width=\"1.8\"\/>\n          <path d=\"M12 7.5v5l3 2\" stroke=\"currentColor\" stroke-width=\"1.8\" stroke-linecap=\"round\" stroke-linejoin=\"round\"\/>\n        <\/svg>\n      <\/span>\n      <div class=\"lc-txt\">\n        <div class=\"lc-title\">Horario<\/div>\n        <div class=\"lc-sub\">Lunes a viernes \u00b7 07:45 a 17:00<\/div>\n      <\/div>\n    <\/div>\n\n  <\/div>\n\n  <!-- WhatsApp button -->\n  <a class=\"lc-wa-btn\"\n     href=\"https:\/\/wa.link\/qqzmff\"\n     target=\"_blank\" rel=\"noopener\">\n    <span class=\"lc-wa-ico\" aria-hidden=\"true\">\n      <svg viewBox=\"0 0 24 24\" fill=\"none\">\n        <path d=\"M20 11.5a8 8 0 0 1-11.8 7L4 20l1.6-4A8 8 0 1 1 20 11.5Z\" stroke=\"currentColor\" stroke-width=\"1.8\" stroke-linecap=\"round\" stroke-linejoin=\"round\"\/>\n        <path d=\"M9.2 9.7c.3-.7.6-.7.9-.7h.3c.1 0 .3 0 .4.3l.7 1.7c.1.2.1.4 0 .6l-.3.4-.2.2c.5 1 1.3 1.8 2.3 2.3l.2-.2.4-.3c.2-.1.4-.1.6 0l1.7.7c.3.1.3.2.3.4v.3c0 .3 0 .6-.7.9-.5.2-1.1.2-1.7 0-1.2-.4-2.2-1.1-3.1-2-.9-.9-1.6-1.9-2-3.1-.2-.6-.2-1.2 0-1.7Z\" stroke=\"currentColor\" stroke-width=\"1.3\" stroke-linecap=\"round\" stroke-linejoin=\"round\"\/>\n      <\/svg>\n    <\/span>\n    CONTACTANOS POR WHATSAPP\n  <\/a>\n\n  <!-- Image -->\n  <div class=\"lc-media\">\n    <img decoding=\"async\"\n      src=\"https:\/\/lockers.com.py\/wp-content\/uploads\/2026\/02\/tecnologia-aplicada.png\"\n      alt=\"Tecnolog\u00eda aplicada Lockers\"\n      loading=\"lazy\"\n    >\n  <\/div>\n\n<\/div>\t\t\t\t<\/div>\n\t\t\t\t<\/div>\n\t\t\t\t\t<\/div>\n\t\t\t\t<\/div>\n\t\t\t\t<\/div>\n\t\t<div class=\"elementor-element elementor-element-a8e89eb e-flex e-con-boxed wpr-particle-no wpr-jarallax-no wpr-parallax-no wpr-sticky-section-no wpr-equal-height-no e-con e-parent\" data-id=\"a8e89eb\" data-element_type=\"container\" data-e-type=\"container\">\n\t\t\t\t\t<div class=\"e-con-inner\">\n\t\t\t\t<div class=\"elementor-element elementor-element-4b2b944 elementor-hidden-widescreen elementor-hidden-desktop elementor-hidden-laptop elementor-hidden-tablet_extra elementor-hidden-tablet elementor-widget elementor-widget-html\" data-id=\"4b2b944\" data-element_type=\"widget\" data-e-type=\"widget\" data-widget_type=\"html.default\">\n\t\t\t\t<div class=\"elementor-widget-container\">\n\t\t\t\t\t<style>\n\n\/* FORZAR Astronomus tambi\u00e9n en spans dentro de headings *\/\nh1 span,\nh2 span,\nh3 span,\n.elementor-heading-title span{\n  font-family: \"Astronomus\", sans-serif !important;\n  font-weight: 600 !important;\n}\n\n<\/style>\t\t\t\t<\/div>\n\t\t\t\t<\/div>\n\t\t\t\t\t<\/div>\n\t\t\t\t<\/div>\n\t\t\t\t<\/div>\n\t\t","protected":false},"excerpt":{"rendered":"<p>CONTACTO Estamos listos para ayudarte a optimizar la gesti\u00f3n de tu informaci\u00f3n. Conversemos sobre c\u00f3mo digitalizar, organizar y proteger tus documentos. CONTACTO Estamos listos para ayudarte a optimizar la gesti\u00f3n de tu informaci\u00f3n. Conversemos sobre c\u00f3mo digitalizar, organizar y proteger tus documentos. HABLEMOS SOBRE TU GESTI\u00d3N DE DOCUMENTOS HABLEMOS SOBRE TU GESTI\u00d3N DE DOCUMENTOS Oficina Lambar\u00e9, Paraguay Tel\u00e9fono +595 21 941841 (R.A.) Horario Lunes a viernes \u00b7 07:45 a 17:00 CONTACTANOS POR WHATSAPP Oficina Lambar\u00e9, Paraguay Tel\u00e9fono +595 21 941841 (R.A.) Horario Lunes a viernes \u00b7 07:45 a 17:00 CONTACTANOS POR WHATSAPP<\/p>\n","protected":false},"author":1,"featured_media":0,"parent":0,"menu_order":0,"comment_status":"closed","ping_status":"closed","template":"","meta":{"footnotes":""},"class_list":["post-1517","page","type-page","status-publish","hentry"],"_links":{"self":[{"href":"https:\/\/lockers.com.py\/index.php\/wp-json\/wp\/v2\/pages\/1517","targetHints":{"allow":["GET"]}}],"collection":[{"href":"https:\/\/lockers.com.py\/index.php\/wp-json\/wp\/v2\/pages"}],"about":[{"href":"https:\/\/lockers.com.py\/index.php\/wp-json\/wp\/v2\/types\/page"}],"author":[{"embeddable":true,"href":"https:\/\/lockers.com.py\/index.php\/wp-json\/wp\/v2\/users\/1"}],"replies":[{"embeddable":true,"href":"https:\/\/lockers.com.py\/index.php\/wp-json\/wp\/v2\/comments?post=1517"}],"version-history":[{"count":218,"href":"https:\/\/lockers.com.py\/index.php\/wp-json\/wp\/v2\/pages\/1517\/revisions"}],"predecessor-version":[{"id":6723,"href":"https:\/\/lockers.com.py\/index.php\/wp-json\/wp\/v2\/pages\/1517\/revisions\/6723"}],"wp:attachment":[{"href":"https:\/\/lockers.com.py\/index.php\/wp-json\/wp\/v2\/media?parent=1517"}],"curies":[{"name":"wp","href":"https:\/\/api.w.org\/{rel}","templated":true}]}}